{"id":4,"date":"2014-09-02T12:48:54","date_gmt":"2014-09-02T12:48:54","guid":{"rendered":"http:\/\/redpoint.nazwa.pl\/pisarek\/?page_id=4"},"modified":"2024-05-16T23:42:35","modified_gmt":"2024-05-16T21:42:35","slug":"rodzina","status":"publish","type":"page","link":"https:\/\/pisarek.eu\/?page_id=4","title":{"rendered":"O mnie"},"content":{"rendered":"<h4>Stanis\u0142aw Pisarek<br \/>\nLat 58<\/h4>\n<ul>\n<li>jestem dumny z mej du\u017cej, wielopokoleniowej rodziny; moj\u0105 \u017con\u0105 jest Anna Pisarek, znana wielu czeladzianom, jako nauczycielka w Gimnazjum nr 3; mam pi\u0105tk\u0119 dzieci \u2013 dwie doros\u0142e c\u00f3rki, trzech syn\u00f3w w wieku szkolnym i czworo wnuk\u00f3w; rodzina mojej \u017cony od pokole\u0144 pochodzi z Czeladzi, a ja przyby\u0142em tu z Cz\u0119stochowy.<\/li>\n<li>uko\u0144czy\u0142em sosnowieckie Liceum Staszica, p\u00f3\u017aniej Uniwersytet Gda\u0144ski i katowick\u0105 AWF<\/li>\n<li>wsp\u00f3lnie z \u017con\u0105 od ponad 20 lat prowadzimy w\u0142asn\u0105 firm\u0119, kt\u00f3ra pozwala mi na spe\u0142nianie nie tylko zawodowych marze\u0144. Mam do\u015bwiadczenie w zarz\u0105dzaniu kilkudziesi\u0119cioosobowym zespo\u0142em, realizowa\u0142em wiele, nawet bardzo trudnych, projekt\u00f3w. Dzia\u0142am w bran\u017cy wydawniczej, nieruchomo\u015bci i rolnej<\/li>\n<li>nigdy nie by\u0142em cz\u0142onkiem \u017cadnej partii, mimo, ze wielokro\u0107 mi to proponowano. Na studiach dzia\u0142a\u0142em w Zrzeszeniu Student\u00f3w Polskich, ale nie chcia\u0142em by\u0107 cz\u0142onkiem PZPR. P\u00f3\u017aniej uwierzy\u0142em w ide\u0119 wolno\u015bci obywatelskiej i pomaga\u0142em tworzy\u0107 PO. Ale jednak z r\u00f3\u017cnych przyczyn ostatecznie nie zosta\u0142em cz\u0142onkiem i tej partii<\/li>\n<li>moja pasja to sporty ekstremalne i odkrywcze, trudne podr\u00f3\u017ce. Podczas nich pozna\u0142em kawa\u0142 \u015bwiata, r\u00f3\u017cne kultury, narody, religie. Sporo wiem o \u017cyciu i mam bardzo otwarte spojrzenie na \u015bwiat<\/li>\n<li>od wielu lat mieszkam w Czeladzi. Znam czeladzian i wiem, \u017ce mieszka tu wielu bardzo ciekawych ludzi. Jest mi przykro, \u017ce to miasto nie wykorzystuje swego potencja\u0142u. Obecnie jestem radnym Rady Miasta, wi\u0119c dzia\u0142am, by zmieni\u0107 miasto na lepsze. Swe umiej\u0119tno\u015bci chc\u0119 wykorzysta\u0107 tak\u017ce tutaj, bo ju\u017c do \u015bmierci nie planuj\u0119 si\u0119 st\u0105d wyprowadza\u0107.<\/li>\n<\/ul>\n<p>Za\u0142o\u017cy\u0142em t\u0119 stron\u0119, by m\u00f3c prezentowa\u0107 swe pogl\u0105dy i siebie samego. B\u0119d\u0119 zamieszcza\u0142 tu przer\u00f3\u017cne materia\u0142y zwi\u0105zane z mym dzia\u0142aniem w czeladzkim stowarzyszeniu Nowoczesne Miasto, ale nie tylko.<\/p>\n<p>Zamieszczam r\u00f3wnie\u017c <a href=\"http:\/\/redpoint.nazwa.pl\/pisarek\/?page_id=22\">formularz kontaktowy<\/a> \u2013 prosz\u0119 zadawa\u0107 pytania \u2013 na wszystkie wa\u017cne, zasadne i ciekawe postaram si\u0119 odpowiedzie\u0107.<\/p>\n<h4>Ania i Stanis\u0142aw<\/h4>\n<p>Poznali\u015bmy si\u0119 w Liceum im. Staszica w Sosnowcu. I od tej chwili ju\u017c razem idziemy przez \u017cycie, w kt\u00f3rym niezwyczajna osobowo\u015b\u0107 Staszka wymaga wiele cierpliwo\u015bci i wybaczania ze strony Ani. Wsp\u00f3lnie potrafimy jednak pokonywa\u0107 przer\u00f3\u017cne \u017cyciowe trudno\u015bci. Ania, czeladzianka w co najmniej pi\u0105tym pokoleniu, do niedawna uczy\u0142a w-f w Gimnazjum nr 3 na Piaskach. Staszek od lat nadaje kierunek naszemu wydawnictwu. Jako ma\u0142\u017ce\u0144stwo z wieloletnim sta\u017cem mamy du\u017co \u017cyciowych do\u015bwiadcze\u0144 zebranych na wsp\u00f3lnej drodze. Ci\u0105gle mamy marzenia i sporo energii, by je realizowa\u0107.<\/p>\n<h4><img loading=\"lazy\" decoding=\"async\" class=\"aligncenter wp-image-198 size-full\" src=\"http:\/\/redpoint.nazwa.pl\/pisarek\/wp-content\/uploads\/2014\/09\/intro2.jpg\" alt=\"\" width=\"789\" height=\"820\" \/><br \/>\nWykszta\u0142cenie<\/h4>\n<p>Wy\u017csze \u2013 oceanografia fizyczna, Uniwersytet Gda\u0144ski<br \/>\nWy\u017csze \u2013 Akademia Wychowania Fizycznego w Katowicach<br \/>\n\u015arednie \u2013 Liceum im. Stanis\u0142awa Staszica w Sosnowcu<\/p>\n<h4>Do\u015bwiadczenie zawodowe<\/h4>\n<p>1990 \u2013 nadal \u2013 w\u0142asna dzia\u0142alno\u015b\u0107 gospodarcza w zakresie wydawniczym. Publikacja wielu istotnych dzie\u0142 ksi\u0105\u017ckowych.<br \/>\n1987-1990 \u2013 Dyrektor a p\u00f3\u017aniej prezes Studenckiej Oficyny Wydawniczej Almapress oddzia\u0142 Katowice z siedzib\u0105 w Czeladzi<br \/>\n1984-1987 \u2013 wiceprzewodnicz\u0105cy \u015al\u0105skiej Rady Okr\u0119gowej Zrzeszenia Student\u00f3w Polskich w Katowicach<br \/>\n1996 \u2013 nadal \u2013 cz\u0142onek Zarz\u0105du Zrzeszenia W\u0142a\u015bcicieli i Zarz\u0105dc\u00f3w Nieruchomo\u015bci w Katowicach<\/p>\n<h4>Do\u015bwiadczenie \u017cyciowe<\/h4>\n<p>1975 \u2013 nadal \u2013 organizacja i uczestnictwo w wielu mi\u0119dzynarodowych wyprawach alpinistycznych, speleologicznych, \u017ceglarskich i innych wymagaj\u0105cych wysokich kwalifikacji turystycznych<br \/>\n1976-1990 &#8211; dzia\u0142alno\u015b\u0107 spo\u0142eczna w Zrzeszeniu Student\u00f3w Polskich<br \/>\n1978 \u2013 nadal \u2013 za\u0142o\u017cenie rodziny z czeladziank\u0105 Ann\u0105, czworo dzieci, wnuki<br \/>\n1975 \u2013 organizacja i udzia\u0142 w pierwszej z bardzo wielu wypraw g\u00f3rskich \u2013 g\u00f3ry D\u017cilo Turcja\/Iran<br \/>\n1987-1988 \u2013 wybudowanie od zera najwi\u0119kszej drukarni organizacji spo\u0142ecznej w Polsce<br \/>\n1987-1990 prezes zarz\u0105du Almapress Katowice sp. z o.o.<br \/>\n1972-1980 \u2013 cz\u0142onek i cz\u0142onek zarz\u0105du Klubu Speleologicznego w Katowicach<br \/>\n<span style=\"line-height: 1.714285714; font-size: 1rem;\">1972 \u2013 nadal \u2013 uczestnictwo w wielu kursach szkoleniowych w r\u00f3\u017cnych dziedzinach wyczynowego sportu i turystyki kwalifikowanej<br \/>\n<\/span><span style=\"line-height: 1.714285714; font-size: 1rem;\">1990 \u2013 nadal uczestnictwo w wielu zjazdach i sympozjach bran\u017cowych<br \/>\n<\/span><span style=\"line-height: 1.714285714; font-size: 1rem;\">1990 \u2013 nadal \u2013 udzia\u0142 w wielu akcjach i dzia\u0142aniach zwi\u0105zanych z dzia\u0142alno\u015bci\u0105 wydawnicz\u0105 i filmow\u0105 \u2013 mi\u0119dzy innymi przewodnicz\u0105cy jury na festiwalach film\u00f3w etc.<br \/>\n<\/span>1994 \u2013 samodzielne wybudowanie pierwszego domu<br \/>\n2002 \u2013 kampania wyborcza do Sejmu RP. Start w ramach powstaj\u0105cej Platformy Obywatelskiej. Bez mandatu i bez utraty partyjnego dziewictwa<br \/>\n2004 \u2013\u00a0kurs i egzamin na cz\u0142onka Rad Nadzorczych sp\u00f3\u0142ek Skarbu Pa\u0144stwa<br \/>\n2014 \u2013 kampania wyborcza, walka o sto\u0142ek burmistrza Czeladzi. trzecie miejsce na pudle, ale ciekawe do\u015bwiadczenie.<br \/>\nOd 2014 radny Rady Miasta Czeladzi \u2013 najpierw wiceprzewodnicz\u0105cy, ale w prote\u015bcie przeciw zad\u0142u\u017caniu miasta powr\u00f3t do \u0142aw radnych.<\/p>\n<hr \/>\n<p>Pszczy\u0144skie Spotkania z Przygod\u0105 (05.04.2014)<\/p>\n<p><iframe loading=\"lazy\" title=\"Pszczy\u0144skie Spotkania z Przygod\u0105- Stanis\u0142aw Pisarek 5.04.2014\" width=\"625\" height=\"352\" src=\"https:\/\/www.youtube.com\/embed\/a_7fMRWaU2w?feature=oembed\" frameborder=\"0\" allow=\"accelerometer; autoplay; clipboard-write; encrypted-media; gyroscope; picture-in-picture; web-share\" referrerpolicy=\"strict-origin-when-cross-origin\" allowfullscreen><\/iframe><\/p>\n<hr \/>\n<p>Od wielu lat znam i ceni\u0119 Jacka Golonk\u0119. B\u0119dzinianin, POETA. To cz\u0142owiek prawy, dobry, wra\u017cliwy i bardzo, bardzo ciep\u0142y. Podczas redagowania gazety <em>Nowoczesna Czelad\u017a<\/em> pomy\u015bla\u0142em, \u017ce do dzia\u0142u <em>Coolturalna<\/em>, przyda\u0142by si\u0119 wiersz o wolno\u015bci, o pozytywnych zmianach. Zapyta\u0142em Jacka, czy ma co\u015b takiego. Odpowied\u017a mnie zadziwi\u0142a. Dzi\u0119kuj\u0119 Jacku.<\/p>\n<blockquote><p>Staszkowi Pisarkowi<\/p>\n<p>Okna<\/p>\n<p><em>nadesz\u0142a pora<br \/>\n<\/em><em>wymiany okna na \u015bwiat<br \/>\n<\/em><em>nie wstawiaj jednak tego przezroczystego<br \/>\n<\/em><em>szklana oboj\u0119tno\u015b\u0107 poprowadzi barwy donik\u0105d<br \/>\n<\/em><em>zblad\u0142e\u015b od wczoraj<br \/>\n<\/em><em>rozetrzyj policzki<\/em><\/p>\n<p><em>r\u00f3\u017cowe okno te\u017c nie sprawdzi si\u0119<br \/>\n<\/em><em>w dojrza\u0142ym spojrzeniu przed siebie<br \/>\n<\/em><em>zbyt s\u0142odki by\u0142e\u015b pami\u0119tnego wieczora<br \/>\n<\/em><em>przezornie zbadaj cukier<br \/>\n<\/em><em>nawet w gorzkich oczach<\/em><\/p>\n<p><em>owszem, s\u0105 ch\u0142odne barwy<br \/>\n<\/em><em>mi\u0142e nie tylko dla sentymentalnych palet<br \/>\n<\/em><em>niedzielnych malarzy<br \/>\n<\/em><em>ale one jednak op\u00f3\u017ani\u0105 gniazda<br \/>\n<\/em><em>s\u0142owik\u00f3w w ogrodzie<br \/>\n<\/em><em>a ty przecie\u017c nie chcesz s\u0142ucha\u0107<br \/>\n<\/em><em>samotnego \u015bpiewu elektrycznej kosiarki<\/em><\/p>\n<p><em>czarne okno ju\u017c by\u0142o<br \/>\n<\/em><em>przerodzi\u0142o si\u0119 w modne ciemne okulary<br \/>\n<\/em><em>i jako takie, oprawne w mikroskal\u0119<br \/>\n<\/em><em>podbi\u0142o \u015bwiat<br \/>\n<\/em><em>zdejmij na chwil\u0119 przeciws\u0142oneczne szk\u0142a<br \/>\n<\/em><em>i sp\u00f3jrz jak obudzony nagle ch\u0142opiec<br \/>\n<\/em><em>prosto w mocne s\u0142o\u0144ce<\/em><\/p>\n<p><em>przysz\u0142a pora<br \/>\n<\/em><em>wymiany okna na \u015bwiat<br \/>\n<\/em><em>wstaw nowe okno<br \/>\n<\/em><em>z najgor\u0119tszej chwili<br \/>\n<\/em><em>r\u0119k\u0105 ch\u0142odn\u0105<br \/>\n<\/em><em>jak rosa o \u015bwicie<\/em><\/p>\n<p>Jacek Golonka<br \/>\nB\u0119dzin, 5.05.2014r.<\/p><\/blockquote>\n","protected":false},"excerpt":{"rendered":"<p>Stanis\u0142aw Pisarek Lat 58 jestem dumny z mej du\u017cej, wielopokoleniowej rodziny; moj\u0105 \u017con\u0105 jest Anna Pisarek, znana wielu czeladzianom, jako nauczycielka w Gimnazjum nr 3; mam pi\u0105tk\u0119 dzieci \u2013 dwie doros\u0142e c\u00f3rki, trzech syn\u00f3w w wieku szkolnym i czworo wnuk\u00f3w; rodzina mojej \u017cony od pokole\u0144 pochodzi z Czeladzi, a ja przyby\u0142em tu z Cz\u0119stochowy. uko\u0144czy\u0142em [&hellip;]<\/p>\n","protected":false},"author":1,"featured_media":0,"parent":0,"menu_order":1,"comment_status":"closed","ping_status":"closed","template":"","meta":{"footnotes":""},"class_list":["post-4","page","type-page","status-publish","hentry"],"_links":{"self":[{"href":"https:\/\/pisarek.eu\/index.php?rest_route=\/wp\/v2\/pages\/4","targetHints":{"allow":["GET"]}}],"collection":[{"href":"https:\/\/pisarek.eu\/index.php?rest_route=\/wp\/v2\/pages"}],"about":[{"href":"https:\/\/pisarek.eu\/index.php?rest_route=\/wp\/v2\/types\/page"}],"author":[{"embeddable":true,"href":"https:\/\/pisarek.eu\/index.php?rest_route=\/wp\/v2\/users\/1"}],"replies":[{"embeddable":true,"href":"https:\/\/pisarek.eu\/index.php?rest_route=%2Fwp%2Fv2%2Fcomments&post=4"}],"version-history":[{"count":34,"href":"https:\/\/pisarek.eu\/index.php?rest_route=\/wp\/v2\/pages\/4\/revisions"}],"predecessor-version":[{"id":875,"href":"https:\/\/pisarek.eu\/index.php?rest_route=\/wp\/v2\/pages\/4\/revisions\/875"}],"wp:attachment":[{"href":"https:\/\/pisarek.eu\/index.php?rest_route=%2Fwp%2Fv2%2Fmedia&parent=4"}],"curies":[{"name":"wp","href":"https:\/\/api.w.org\/{rel}","templated":true}]}}