{"id":323,"date":"2014-09-13T02:18:22","date_gmt":"2014-09-13T00:18:22","guid":{"rendered":"http:\/\/redpoint.nazwa.pl\/pisarek\/?page_id=323"},"modified":"2020-04-24T01:17:34","modified_gmt":"2020-04-23T23:17:34","slug":"witam","status":"publish","type":"page","link":"https:\/\/pisarek.eu\/","title":{"rendered":"Szanowni odwiedzaj\u0105cy.."},"content":{"rendered":"<p>\u017byj\u0119 ju\u017c sporo lat i jak ka\u017cdemu z ludzi na \u015bwiecie ile\u015b rzeczy wysz\u0142o mi fajnie, ile\u015b fatalnie. Sporo spapra\u0142em, ale te\u017c par\u0119 rzeczy zrobi\u0142em \u015bwietnie. Na tej stronie nie b\u0119d\u0119 si\u0119 specjalnie chwali\u0142, ale te\u017c nie b\u0119d\u0119&nbsp; sobie samemu przywala\u0142. Po prostu troch\u0119 tego co wymy\u015bli\u0142em, zrobi\u0142em, wyobrazi\u0142em w swoim \u017cyciu.<\/p>\n<p style=\"text-align: right;\">Stanis\u0142aw Pisarek<br>24.04.20<\/p>\n<br>\n\n\n<p><\/p>\n\n\n\n<p> <\/p>\n","protected":false},"excerpt":{"rendered":"<p>\u017byj\u0119 ju\u017c sporo lat i jak ka\u017cdemu z ludzi na \u015bwiecie ile\u015b rzeczy wysz\u0142o mi fajnie, ile\u015b fatalnie. Sporo spapra\u0142em, ale te\u017c par\u0119 rzeczy zrobi\u0142em \u015bwietnie. Na tej stronie nie b\u0119d\u0119 si\u0119 specjalnie chwali\u0142, ale te\u017c nie b\u0119d\u0119&nbsp; sobie samemu przywala\u0142. Po prostu troch\u0119 tego co wymy\u015bli\u0142em, zrobi\u0142em, wyobrazi\u0142em w swoim \u017cyciu. Stanis\u0142aw Pisarek24.04.20<\/p>\n","protected":false},"author":1,"featured_media":527,"parent":0,"menu_order":0,"comment_status":"closed","ping_status":"open","template":"page-templates\/front-page.php","meta":{"footnotes":""},"class_list":["post-323","page","type-page","status-publish","has-post-thumbnail","hentry"],"_links":{"self":[{"href":"https:\/\/pisarek.eu\/index.php?rest_route=\/wp\/v2\/pages\/323","targetHints":{"allow":["GET"]}}],"collection":[{"href":"https:\/\/pisarek.eu\/index.php?rest_route=\/wp\/v2\/pages"}],"about":[{"href":"https:\/\/pisarek.eu\/index.php?rest_route=\/wp\/v2\/types\/page"}],"author":[{"embeddable":true,"href":"https:\/\/pisarek.eu\/index.php?rest_route=\/wp\/v2\/users\/1"}],"replies":[{"embeddable":true,"href":"https:\/\/pisarek.eu\/index.php?rest_route=%2Fwp%2Fv2%2Fcomments&post=323"}],"version-history":[{"count":35,"href":"https:\/\/pisarek.eu\/index.php?rest_route=\/wp\/v2\/pages\/323\/revisions"}],"predecessor-version":[{"id":787,"href":"https:\/\/pisarek.eu\/index.php?rest_route=\/wp\/v2\/pages\/323\/revisions\/787"}],"wp:featuredmedia":[{"embeddable":true,"href":"https:\/\/pisarek.eu\/index.php?rest_route=\/wp\/v2\/media\/527"}],"wp:attachment":[{"href":"https:\/\/pisarek.eu\/index.php?rest_route=%2Fwp%2Fv2%2Fmedia&parent=323"}],"curies":[{"name":"wp","href":"https:\/\/api.w.org\/{rel}","templated":true}]}}